{"id":12,"date":"2019-03-13T21:55:24","date_gmt":"2019-03-13T21:55:24","guid":{"rendered":"http:\/\/bartgazz.pl\/?page_id=12"},"modified":"2019-03-13T22:31:22","modified_gmt":"2019-03-13T22:31:22","slug":"o-firmie","status":"publish","type":"page","link":"http:\/\/bartgazz.pl\/","title":{"rendered":"O firmie"},"content":{"rendered":"\n<p><strong>Witamy na stronie naszej Firmy<\/strong><\/p>\n\n\n\n<p>&nbsp;&nbsp;&nbsp; Nasza firma powsta\u0142a w 1999 roku i specjalizujemy si\u0119 w dystrybucji gazu propan \/ propan-butan w butlach.&nbsp;&nbsp;Obs\u0142ugujemy klient\u00f3w detalicznych oraz hurtowych.&nbsp;Wieloletnie do\u015bwiadczenie na rynku pozwoli\u0142o nam wypracowa\u0107 system, kt\u00f3ry zapewnia sta\u0142e i szybkie dostawy.&nbsp;Posiadamy szeroko rozwini\u0119t\u0105 sie\u0107 sprzeda\u017cy. Nasze us\u0142ugi \u015bwiadczymy na terenie wojew\u00f3dztwa Pomorskiego i Zachodniopomorskiego.&nbsp;Od Poniedzia\u0142ku do Soboty dostarczamy gaz na telefon bezpo\u015brednio do mieszka\u0144.<br><br><br><\/p>\n\n\n\n<p><strong>Klienci korzystaj\u0105cy z naszych us\u0142ug to:<\/strong><br>&#8211; Przedsi\u0119biorstwa produkcyjne<br>&#8211; Firmy posiadaj\u0105ce flot\u0119 w\u00f3zk\u00f3w wid\u0142owych<br>&#8211; Du\u017ce i ma\u0142e punkty gastronomiczne<br>&#8211; Hotele i Pensjonaty<br>&#8211; Gospodarstwa agroturystyczne<br>&#8211; Gospodarstwa rolne<br>&#8211; Indywidualne gospodarstwa domowe<br><\/p>\n\n\n\n<p><strong>Oferujemy z dowozem do klienta:<\/strong><br>&#8211; Gaz w butlach 11kg i 33kg<br>&#8211; Gaz w butlachdo w\u00f3zk\u00f3w wid\u0142owych<br>&#8211; Butle gazowe<br>&#8211; Monta\u017c kuchenek gazowych z wpisem do karty gwarancyjnej&nbsp;<br>&#8211; Wykonywanie pomiar\u00f3w szczelnosci instalacji gazowych<br>&#8211; i wiele innych us\u0142ug<br><\/p>\n\n\n\n<p><strong>Sprzeda\u017c, Monta\u017c oraz Serwis:<\/strong><br>&#8211; piecyk\u00f3w gazowych<br>&#8211; kuchenek gazowych<br>&#8211; urz\u0105dze\u0144 do gastronomi<br>&#8211; s\u0142oneczek gazowych<br>&#8211; ogrzewaczy<br>&#8211; oraz wiele innych !<\/p>\n","protected":false},"excerpt":{"rendered":"<p>Witamy na stronie naszej Firmy &nbsp;&nbsp;&nbsp; Nasza firma powsta\u0142a w 1999 roku i specjalizujemy si\u0119 w dystrybucji gazu propan \/ propan-butan w butlach.&nbsp;&nbsp;Obs\u0142ugujemy klient\u00f3w detalicznych oraz hurtowych.&nbsp;Wieloletnie do\u015bwiadczenie na rynku &#8230;<\/p>\n","protected":false},"author":1,"featured_media":0,"parent":0,"menu_order":0,"comment_status":"closed","ping_status":"closed","template":"","meta":[],"_links":{"self":[{"href":"http:\/\/bartgazz.pl\/index.php\/wp-json\/wp\/v2\/pages\/12"}],"collection":[{"href":"http:\/\/bartgazz.pl\/index.php\/wp-json\/wp\/v2\/pages"}],"about":[{"href":"http:\/\/bartgazz.pl\/index.php\/wp-json\/wp\/v2\/types\/page"}],"author":[{"embeddable":true,"href":"http:\/\/bartgazz.pl\/index.php\/wp-json\/wp\/v2\/users\/1"}],"replies":[{"embeddable":true,"href":"http:\/\/bartgazz.pl\/index.php\/wp-json\/wp\/v2\/comments?post=12"}],"version-history":[{"count":3,"href":"http:\/\/bartgazz.pl\/index.php\/wp-json\/wp\/v2\/pages\/12\/revisions"}],"predecessor-version":[{"id":77,"href":"http:\/\/bartgazz.pl\/index.php\/wp-json\/wp\/v2\/pages\/12\/revisions\/77"}],"wp:attachment":[{"href":"http:\/\/bartgazz.pl\/index.php\/wp-json\/wp\/v2\/media?parent=12"}],"curies":[{"name":"wp","href":"https:\/\/api.w.org\/{rel}","templated":true}]}}