{"id":15,"date":"2019-03-13T21:55:24","date_gmt":"2019-03-13T21:55:24","guid":{"rendered":"http:\/\/bartgazz.pl\/?page_id=15"},"modified":"2019-06-20T19:42:39","modified_gmt":"2019-06-20T19:42:39","slug":"rodo","status":"publish","type":"page","link":"http:\/\/bartgazz.pl\/index.php\/rodo\/","title":{"rendered":"RODO"},"content":{"rendered":"\n<p><em>Administratorem Twoich danych jest F.H.U. BARTGAZZ BEATA\nBARTYZEL DYSTRYBUCJA GAZU PROPAN-BUTAN &nbsp;z\nsiedzib\u0105 w STARKOWO 55, 76-270 USTKA, wpisanej do Centralnej Ewidencji i\nInformacji o Dzia\u0142alno\u015bci Gospodarczej, pod numerem NIP: 839-143-13-68, REGON: 770978554.\n<\/em><\/p>\n\n\n\n<p><em>W sprawach zwi\u0105zanych z przetwarzaniem i ochron\u0105 danych\nosobowych wyznaczony zosta\u0142 punkt kontaktowy w postaci adresu e-mail: <strong><a href=\"mailto:rodo@bartgazz.pl\">rodo@bartgazz.pl<\/a> <\/strong>&nbsp;Kontakt we wskazanych sprawach mo\u017cliwy jest\ntak\u017ce w postaci tradycyjnej korespondencji na adres administratora z dopiskiem:\n\u201eOchrona Danych Osobowych\u201d oraz osobi\u015bcie pod adresem STARKOWO 55, 76-270 USTKA.<\/em><\/p>\n\n\n\n<p><em>Podane przez Ciebie dane osobowe b\u0119d\u0105 przetwarzane w nast\u0119puj\u0105cych celach:<\/em><br> <em>\u2013 wykonania zawartej umowy, us\u0142ugi \u2013 przetwarzanie jest niezb\u0119dne do wykonania umowy, us\u0142ugi  a\u017c do czasu zako\u0144czenia umowy, us\u0142ugi<\/em><br> <em>\u2013 marketingu bezpo\u015bredniego \u2013 do czasu zako\u0144czenia umowy lub z\u0142o\u017cenia sprzeciwu,<\/em><br> <em>\u2013 finansowo-ksi\u0119gowych \u2013 przetwarzanie jest niezb\u0119dne do wykonania przepis\u00f3w prawa podatkowego,<\/em><br> <em>\u2013 obrony przed roszczeniami i dochodzenia roszcze\u0144 \u2013 do czasu wyga\u015bni\u0119cia okresu roszcze\u0144 zgodnie z przepisami Kodeksu Cywilnego,<\/em><br> <em>\u2013 prowadzenia proces\u00f3w reklamacyjnych.<\/em><\/p>\n\n\n\n<p><em>Przekazane dane osobowe\nb\u0119d\u0105 przechowywane przez okres istnienia prawnie uzasadnionego interesu administratora,\nchyba \u017ce Pani \/ Pan wyrazi sprzeciw wobec przetwarzania danych<\/em><em><\/em><\/p>\n\n\n\n<p><em>Kategorie gromadzonych &nbsp;danych\nosobowych obejmuj\u0105 m.in. imi\u0119 i nazwisko, dane firmy, numer telefonu, adres\ne-mail, adres, dane dedykowane do procesu\/us\u0142ugi\/projektu niezb\u0119dne w cel\nwykonania zawartej umowy.<\/em><\/p>\n\n\n\n<p><em>Przekazane dane osobowe\nmog\u0105 by\u0107 przekazywane podmiotom przetwarzaj\u0105cym dane osobowe na zlecenie administratora:\ndostawcy us\u0142ug IT.<\/em><\/p>\n\n\n\n<p><em>Przekazane dane osobowe\n&nbsp;nie b\u0119d\u0105 przekazywane do pa\u0144stwa\ntrzeciego ani organizacji mi\u0119dzynarodowej.<\/em><em><\/em><\/p>\n\n\n\n<p><em>Posiadasz prawo dost\u0119pu do tre\u015bci swoich danych oraz prawo ich\nsprostowania, usuni\u0119cia, ograniczenia przetwarzania, prawo do przenoszenia\ndanych, prawo wniesienia sprzeciwu (np. je\u015bli dane s\u0105 przetwarzane na podstawie\nTwojej zgody lub w celach marketingowych czy udost\u0119pniania Twoich danych); posiadasz\nprawo do cofni\u0119cia zgody w dowolnym momencie. W celu cofni\u0119cia zgody mo\u017cesz\nskontaktowa\u0107 si\u0119 z punktem obs\u0142ugi klienta w naszej siedzibie b\u0105d\u017a biurze STARKOWO\n55, 76-270 USTKA. lub wysy\u0142aj\u0105c wiadomo\u015b\u0107 e-mail na adres: <strong><a href=\"mailto:rodo@bartgazz.pl\">rodo@bartgazz.pl<\/a>\n<\/strong>. <\/em><\/p>\n\n\n\n<p><em>Masz r\u00f3wnie\u017c prawo wniesienia skargi do\norganu nadzorczego \u2013 Prezesa Urz\u0119du Ochrony Danych Osobowych<\/em><em>, gdy uznaj\u0105 Pa\u0144stwo, i\u017c przetwarzanie Pa\u0144stwa danych osobowych narusza\nprzepisy ustawy z dnia 10 maja 2018 r. o ochronie danych osobowych (tekst\njednolity Dz. U. z 2018 r., poz. 1000) lub przepisy Rozporz\u0105dzenia Parlamentu\nEuropejskiego i Rady (UE) 2016\/679 z dnia 27 kwietnia 2016 r. w sprawie ochrony\nos\u00f3b fizycznych w zwi\u0105zku z przetwarzaniem danych osobowych i w sprawie\nswobodnego przep\u0142ywu takich danych oraz uchylenia dyrektywy 95\/46\/WE (og\u00f3lne\nrozporz\u0105dzenie o ochronie danych) z dnia 27 kwietnia 2016 r. (Dz.Urz.UE.L Nr\n119, str. 1)<\/em><\/p>\n\n\n\n<p><em>Przekazane dane osobowe\nnie b\u0119d\u0105 podlega\u0142y zautomatyzowanemu podejmowaniu decyzji oraz profilowaniu.<\/em><\/p>\n\n\n\n<p><em>Dane pochodz\u0105 od os<\/em><em>\u00f3b, kt\u00f3rych dane dotycz\u0105.<\/em><em><\/em><\/p>\n\n\n\n<p><em>Podanie przez Pa\u0144stwa danych osobowych jest w pe\u0142ni dobrowolne.\nNiepodanie danych osobowych b\u0119dzie skutkowa\u0142o niemo\u017cliwo\u015bci\u0105 pe\u0142nego wykonania\nzobowi\u0105za\u0144, przyj\u0119tych przez F.H.U. BARTGAZZ BEATA BARTYZEL DYSTRYBUCJA GAZU\nPROPAN-BUTAN w ramach zawieranych um\u00f3w.<\/em><\/p>\n","protected":false},"excerpt":{"rendered":"<p>Administratorem Twoich danych jest F.H.U. BARTGAZZ BEATA BARTYZEL DYSTRYBUCJA GAZU PROPAN-BUTAN &nbsp;z siedzib\u0105 w STARKOWO 55, 76-270 USTKA, wpisanej do Centralnej Ewidencji i Informacji o Dzia\u0142alno\u015bci Gospodarczej, pod numerem NIP: &#8230;<\/p>\n","protected":false},"author":1,"featured_media":0,"parent":0,"menu_order":0,"comment_status":"closed","ping_status":"closed","template":"","meta":[],"_links":{"self":[{"href":"http:\/\/bartgazz.pl\/index.php\/wp-json\/wp\/v2\/pages\/15"}],"collection":[{"href":"http:\/\/bartgazz.pl\/index.php\/wp-json\/wp\/v2\/pages"}],"about":[{"href":"http:\/\/bartgazz.pl\/index.php\/wp-json\/wp\/v2\/types\/page"}],"author":[{"embeddable":true,"href":"http:\/\/bartgazz.pl\/index.php\/wp-json\/wp\/v2\/users\/1"}],"replies":[{"embeddable":true,"href":"http:\/\/bartgazz.pl\/index.php\/wp-json\/wp\/v2\/comments?post=15"}],"version-history":[{"count":4,"href":"http:\/\/bartgazz.pl\/index.php\/wp-json\/wp\/v2\/pages\/15\/revisions"}],"predecessor-version":[{"id":61,"href":"http:\/\/bartgazz.pl\/index.php\/wp-json\/wp\/v2\/pages\/15\/revisions\/61"}],"wp:attachment":[{"href":"http:\/\/bartgazz.pl\/index.php\/wp-json\/wp\/v2\/media?parent=15"}],"curies":[{"name":"wp","href":"https:\/\/api.w.org\/{rel}","templated":true}]}}