{"id":89,"date":"2022-01-30T21:53:29","date_gmt":"2022-01-30T21:53:29","guid":{"rendered":"http:\/\/bartgazz.pl\/?page_id=89"},"modified":"2022-01-30T21:59:51","modified_gmt":"2022-01-30T21:59:51","slug":"gaz-w-butlach-11kg","status":"publish","type":"page","link":"http:\/\/bartgazz.pl\/index.php\/gaz-w-butlach-11kg\/","title":{"rendered":"Gaz w  butlach 11kg"},"content":{"rendered":"\n<figure class=\"wp-block-gallery has-nested-images columns-default is-cropped\">\n<figure class=\"wp-block-image size-large\"><img loading=\"lazy\" width=\"1024\" height=\"669\" data-id=\"106\"  src=\"http:\/\/bartgazz.pl\/wp-content\/uploads\/2022\/01\/pexels-photo-3768169-1-1024x669.jpeg\" alt=\"\" class=\"wp-image-106\" srcset=\"http:\/\/bartgazz.pl\/wp-content\/uploads\/2022\/01\/pexels-photo-3768169-1-1024x669.jpeg 1024w, http:\/\/bartgazz.pl\/wp-content\/uploads\/2022\/01\/pexels-photo-3768169-1-300x196.jpeg 300w, http:\/\/bartgazz.pl\/wp-content\/uploads\/2022\/01\/pexels-photo-3768169-1-768x502.jpeg 768w, http:\/\/bartgazz.pl\/wp-content\/uploads\/2022\/01\/pexels-photo-3768169-1-1536x1004.jpeg 1536w, http:\/\/bartgazz.pl\/wp-content\/uploads\/2022\/01\/pexels-photo-3768169-1-2048x1339.jpeg 2048w\" sizes=\"(max-width: 1024px) 100vw, 1024px\" \/><\/figure>\n\n\n\n<figure class=\"wp-block-image size-large\"><img loading=\"lazy\" width=\"683\" height=\"1024\" data-id=\"107\"  src=\"http:\/\/bartgazz.pl\/wp-content\/uploads\/2022\/01\/pexels-photo-3800512-1-683x1024.jpeg\" alt=\"\" class=\"wp-image-107\" srcset=\"http:\/\/bartgazz.pl\/wp-content\/uploads\/2022\/01\/pexels-photo-3800512-1-683x1024.jpeg 683w, http:\/\/bartgazz.pl\/wp-content\/uploads\/2022\/01\/pexels-photo-3800512-1-200x300.jpeg 200w, http:\/\/bartgazz.pl\/wp-content\/uploads\/2022\/01\/pexels-photo-3800512-1-768x1152.jpeg 768w, http:\/\/bartgazz.pl\/wp-content\/uploads\/2022\/01\/pexels-photo-3800512-1.jpeg 867w\" sizes=\"(max-width: 683px) 100vw, 683px\" \/><\/figure>\n\n\n\n<figure class=\"wp-block-image size-large\"><img loading=\"lazy\" width=\"741\" height=\"532\" data-id=\"109\"  src=\"http:\/\/bartgazz.pl\/wp-content\/uploads\/2022\/01\/piecyk-gazowy-1.png\" alt=\"\" class=\"wp-image-109\" srcset=\"http:\/\/bartgazz.pl\/wp-content\/uploads\/2022\/01\/piecyk-gazowy-1.png 741w, http:\/\/bartgazz.pl\/wp-content\/uploads\/2022\/01\/piecyk-gazowy-1-300x215.png 300w\" sizes=\"(max-width: 741px) 100vw, 741px\" \/><\/figure>\n<\/figure>\n\n\n\n<p>Gaz propan-butan w butlach 11kg oraz czysty propan w butlach 11kg i butlach na szybkoz\u0142\u0105cze stosuje si\u0119 do:<\/p>\n\n\n\n<ul><li>gotowania w kuchenkach gazowych<\/li><li>ogrzewania w piecykach gazowych<\/li><li>u\u017cywania parasoli gazowych<\/li><li>palnik\u00f3w gazowych przy grzaniu papy<\/li><li>w agroturystyce<\/li><li>w kamperach i na campingach<\/li><li>oraz w wielu innych dziedzinach \u017cycia.<\/li><\/ul>\n","protected":false},"excerpt":{"rendered":"<p>Gaz propan-butan w butlach 11kg oraz czysty propan w butlach 11kg i butlach na szybkoz\u0142\u0105cze stosuje si\u0119 do: gotowania w kuchenkach gazowych ogrzewania w piecykach gazowych u\u017cywania parasoli gazowych palnik\u00f3w &#8230;<\/p>\n","protected":false},"author":1,"featured_media":0,"parent":0,"menu_order":0,"comment_status":"closed","ping_status":"closed","template":"","meta":[],"_links":{"self":[{"href":"http:\/\/bartgazz.pl\/index.php\/wp-json\/wp\/v2\/pages\/89"}],"collection":[{"href":"http:\/\/bartgazz.pl\/index.php\/wp-json\/wp\/v2\/pages"}],"about":[{"href":"http:\/\/bartgazz.pl\/index.php\/wp-json\/wp\/v2\/types\/page"}],"author":[{"embeddable":true,"href":"http:\/\/bartgazz.pl\/index.php\/wp-json\/wp\/v2\/users\/1"}],"replies":[{"embeddable":true,"href":"http:\/\/bartgazz.pl\/index.php\/wp-json\/wp\/v2\/comments?post=89"}],"version-history":[{"count":2,"href":"http:\/\/bartgazz.pl\/index.php\/wp-json\/wp\/v2\/pages\/89\/revisions"}],"predecessor-version":[{"id":111,"href":"http:\/\/bartgazz.pl\/index.php\/wp-json\/wp\/v2\/pages\/89\/revisions\/111"}],"wp:attachment":[{"href":"http:\/\/bartgazz.pl\/index.php\/wp-json\/wp\/v2\/media?parent=89"}],"curies":[{"name":"wp","href":"https:\/\/api.w.org\/{rel}","templated":true}]}}