{"id":90,"date":"2022-01-30T21:53:29","date_gmt":"2022-01-30T21:53:29","guid":{"rendered":"http:\/\/bartgazz.pl\/?page_id=90"},"modified":"2022-01-30T22:20:27","modified_gmt":"2022-01-30T22:20:27","slug":"gaz-do-wozkow-widlowych","status":"publish","type":"page","link":"http:\/\/bartgazz.pl\/index.php\/gaz-do-wozkow-widlowych\/","title":{"rendered":"Gaz do w\u00f3zk\u00f3w wid\u0142owych"},"content":{"rendered":"\n<figure class=\"wp-block-gallery has-nested-images columns-default is-cropped\">\n<figure class=\"wp-block-image size-large\"><img loading=\"lazy\" width=\"485\" height=\"321\" data-id=\"121\"  src=\"http:\/\/bartgazz.pl\/wp-content\/uploads\/2022\/01\/adas.png\" alt=\"\" class=\"wp-image-121\" srcset=\"http:\/\/bartgazz.pl\/wp-content\/uploads\/2022\/01\/adas.png 485w, http:\/\/bartgazz.pl\/wp-content\/uploads\/2022\/01\/adas-300x199.png 300w\" sizes=\"(max-width: 485px) 100vw, 485px\" \/><\/figure>\n\n\n\n<figure class=\"wp-block-image size-large\"><img loading=\"lazy\" width=\"901\" height=\"723\" data-id=\"120\"  src=\"http:\/\/bartgazz.pl\/wp-content\/uploads\/2022\/01\/forklift-ge1627ae1d_1920.jpg\" alt=\"\" class=\"wp-image-120\" srcset=\"http:\/\/bartgazz.pl\/wp-content\/uploads\/2022\/01\/forklift-ge1627ae1d_1920.jpg 901w, http:\/\/bartgazz.pl\/wp-content\/uploads\/2022\/01\/forklift-ge1627ae1d_1920-300x241.jpg 300w, http:\/\/bartgazz.pl\/wp-content\/uploads\/2022\/01\/forklift-ge1627ae1d_1920-768x616.jpg 768w\" sizes=\"(max-width: 901px) 100vw, 901px\" \/><\/figure>\n<\/figure>\n\n\n\n<h2 id=\"dostawa-gazu-do-wozkow-widlowych\">Dostawa gazu do W\u00d3ZK\u00d3W WID\u0141OWYCH ! ! !<\/h2>\n\n\n\n<p>Szukasz dostawcy butli gazowych 11kg do w\u00f3zka wid\u0142owego?<br><br>Skontaktuj si\u0119 z nami przygotujemy ofert\u0119 na gaz<img loading=\"lazy\" height=\"16\" width=\"16\" src=\"https:\/\/static.xx.fbcdn.net\/images\/emoji.php\/v9\/td4\/1.5\/16\/1f44c.png\" alt=\"\ud83d\udc4c\"><img loading=\"lazy\" height=\"16\" width=\"16\" src=\"https:\/\/static.xx.fbcdn.net\/images\/emoji.php\/v9\/t55\/1.5\/16\/1f44d.png\" alt=\"\ud83d\udc4d\"><br><br>Brak butli gazowych i kosza ?? to nie problem! wypo\u017cyczymy Ci je.<\/p>\n\n\n\n<p>Dostarczany przez nas  gaz  do w\u00f3zk\u00f3w wid\u0142owych jest najwy\u017cszej jako\u015bci.<br><br>Gaz dostarczymy w\u0142asnym transportem w konkurencyjnej cenie pod wskazany adres przez ca\u0142y tydzie\u0144. <br><br>Zadbamy o to aby\u015b nie musia\u0142 si\u0119 martwi\u0107 o ci\u0105g\u0142o\u015b\u0107 pracy. Sami zadbamy o to aby\u015b zawsze mia\u0142 zapas gazu w butlach.<br><br>Zapraszamy 781-145-882, 603-696-825 <br><br>Gaz dowozimy m.in. do okolic : S\u0142upsk, Ustka, L\u0119bork, S\u0142awno, Sian\u00f3w, Koszalin, Polan\u00f3w, Dar\u0142owo<br><a href=\"https:\/\/www.facebook.com\/hashtag\/dostawa?__eep__=6&amp;__cft__[0]=AZUVePQqYfRdW0ca_kNotOTvKiRfojavoRmxskxTvK84CEdFxk7-_e9HkGTZUgjfRBbGOzLC0w-NQIB2mhu5imuyr_sUDC_NujqDDSg8pQSorIAsD5_iQ_q4qpn0pWMb-wKHZjRl69AAdisH-AlmYy4gzhJha14oMiS4WGV9_OHov5_LIM7nCePOcqxkzDlJR_o&amp;__tn__=*NK-R\">#dostawa<\/a><a href=\"https:\/\/www.facebook.com\/hashtag\/s%C5%82upsk?__eep__=6&amp;__cft__[0]=AZUVePQqYfRdW0ca_kNotOTvKiRfojavoRmxskxTvK84CEdFxk7-_e9HkGTZUgjfRBbGOzLC0w-NQIB2mhu5imuyr_sUDC_NujqDDSg8pQSorIAsD5_iQ_q4qpn0pWMb-wKHZjRl69AAdisH-AlmYy4gzhJha14oMiS4WGV9_OHov5_LIM7nCePOcqxkzDlJR_o&amp;__tn__=*NK-R\">#s\u0142upsk<\/a><a href=\"https:\/\/www.facebook.com\/hashtag\/gaz?__eep__=6&amp;__cft__[0]=AZUVePQqYfRdW0ca_kNotOTvKiRfojavoRmxskxTvK84CEdFxk7-_e9HkGTZUgjfRBbGOzLC0w-NQIB2mhu5imuyr_sUDC_NujqDDSg8pQSorIAsD5_iQ_q4qpn0pWMb-wKHZjRl69AAdisH-AlmYy4gzhJha14oMiS4WGV9_OHov5_LIM7nCePOcqxkzDlJR_o&amp;__tn__=*NK-R\">#gaz<\/a><a href=\"https:\/\/www.facebook.com\/hashtag\/butle?__eep__=6&amp;__cft__[0]=AZUVePQqYfRdW0ca_kNotOTvKiRfojavoRmxskxTvK84CEdFxk7-_e9HkGTZUgjfRBbGOzLC0w-NQIB2mhu5imuyr_sUDC_NujqDDSg8pQSorIAsD5_iQ_q4qpn0pWMb-wKHZjRl69AAdisH-AlmYy4gzhJha14oMiS4WGV9_OHov5_LIM7nCePOcqxkzDlJR_o&amp;__tn__=*NK-R\">#butle<\/a><a href=\"https:\/\/www.facebook.com\/hashtag\/w%C3%B3zekwid%C5%82owy?__eep__=6&amp;__cft__[0]=AZUVePQqYfRdW0ca_kNotOTvKiRfojavoRmxskxTvK84CEdFxk7-_e9HkGTZUgjfRBbGOzLC0w-NQIB2mhu5imuyr_sUDC_NujqDDSg8pQSorIAsD5_iQ_q4qpn0pWMb-wKHZjRl69AAdisH-AlmYy4gzhJha14oMiS4WGV9_OHov5_LIM7nCePOcqxkzDlJR_o&amp;__tn__=*NK-R\">#w\u00f3zekwid\u0142owy<\/a><a href=\"https:\/\/www.facebook.com\/hashtag\/11kg?__eep__=6&amp;__cft__[0]=AZUVePQqYfRdW0ca_kNotOTvKiRfojavoRmxskxTvK84CEdFxk7-_e9HkGTZUgjfRBbGOzLC0w-NQIB2mhu5imuyr_sUDC_NujqDDSg8pQSorIAsD5_iQ_q4qpn0pWMb-wKHZjRl69AAdisH-AlmYy4gzhJha14oMiS4WGV9_OHov5_LIM7nCePOcqxkzDlJR_o&amp;__tn__=*NK-R\">#11kg<\/a><a href=\"https:\/\/www.facebook.com\/hashtag\/paliwo?__eep__=6&amp;__cft__[0]=AZUVePQqYfRdW0ca_kNotOTvKiRfojavoRmxskxTvK84CEdFxk7-_e9HkGTZUgjfRBbGOzLC0w-NQIB2mhu5imuyr_sUDC_NujqDDSg8pQSorIAsD5_iQ_q4qpn0pWMb-wKHZjRl69AAdisH-AlmYy4gzhJha14oMiS4WGV9_OHov5_LIM7nCePOcqxkzDlJR_o&amp;__tn__=*NK-R\">#paliwo<\/a><a href=\"https:\/\/www.facebook.com\/hashtag\/gazdow%C3%B3zka?__eep__=6&amp;__cft__[0]=AZUVePQqYfRdW0ca_kNotOTvKiRfojavoRmxskxTvK84CEdFxk7-_e9HkGTZUgjfRBbGOzLC0w-NQIB2mhu5imuyr_sUDC_NujqDDSg8pQSorIAsD5_iQ_q4qpn0pWMb-wKHZjRl69AAdisH-AlmYy4gzhJha14oMiS4WGV9_OHov5_LIM7nCePOcqxkzDlJR_o&amp;__tn__=*NK-R\">#gazdow\u00f3zka<\/a><a href=\"https:\/\/www.facebook.com\/hashtag\/praca?__eep__=6&amp;__cft__[0]=AZUVePQqYfRdW0ca_kNotOTvKiRfojavoRmxskxTvK84CEdFxk7-_e9HkGTZUgjfRBbGOzLC0w-NQIB2mhu5imuyr_sUDC_NujqDDSg8pQSorIAsD5_iQ_q4qpn0pWMb-wKHZjRl69AAdisH-AlmYy4gzhJha14oMiS4WGV9_OHov5_LIM7nCePOcqxkzDlJR_o&amp;__tn__=*NK-R\">#praca<\/a><a href=\"https:\/\/www.facebook.com\/hashtag\/za%C5%82adunek?__eep__=6&amp;__cft__[0]=AZUVePQqYfRdW0ca_kNotOTvKiRfojavoRmxskxTvK84CEdFxk7-_e9HkGTZUgjfRBbGOzLC0w-NQIB2mhu5imuyr_sUDC_NujqDDSg8pQSorIAsD5_iQ_q4qpn0pWMb-wKHZjRl69AAdisH-AlmYy4gzhJha14oMiS4WGV9_OHov5_LIM7nCePOcqxkzDlJR_o&amp;__tn__=*NK-R\">#za\u0142adunek<\/a><a href=\"https:\/\/www.facebook.com\/hashtag\/gazwbutli?__eep__=6&amp;__cft__[0]=AZUVePQqYfRdW0ca_kNotOTvKiRfojavoRmxskxTvK84CEdFxk7-_e9HkGTZUgjfRBbGOzLC0w-NQIB2mhu5imuyr_sUDC_NujqDDSg8pQSorIAsD5_iQ_q4qpn0pWMb-wKHZjRl69AAdisH-AlmYy4gzhJha14oMiS4WGV9_OHov5_LIM7nCePOcqxkzDlJR_o&amp;__tn__=*NK-R\">#gazwbutli<\/a><a href=\"https:\/\/www.facebook.com\/hashtag\/dow%C3%B3zgazu?__eep__=6&amp;__cft__[0]=AZUVePQqYfRdW0ca_kNotOTvKiRfojavoRmxskxTvK84CEdFxk7-_e9HkGTZUgjfRBbGOzLC0w-NQIB2mhu5imuyr_sUDC_NujqDDSg8pQSorIAsD5_iQ_q4qpn0pWMb-wKHZjRl69AAdisH-AlmYy4gzhJha14oMiS4WGV9_OHov5_LIM7nCePOcqxkzDlJR_o&amp;__tn__=*NK-R\">#dow\u00f3zgazu<\/a><a href=\"https:\/\/www.facebook.com\/hashtag\/propan?__eep__=6&amp;__cft__[0]=AZUVePQqYfRdW0ca_kNotOTvKiRfojavoRmxskxTvK84CEdFxk7-_e9HkGTZUgjfRBbGOzLC0w-NQIB2mhu5imuyr_sUDC_NujqDDSg8pQSorIAsD5_iQ_q4qpn0pWMb-wKHZjRl69AAdisH-AlmYy4gzhJha14oMiS4WGV9_OHov5_LIM7nCePOcqxkzDlJR_o&amp;__tn__=*NK-R\">#propan<\/a><a href=\"https:\/\/www.facebook.com\/hashtag\/propanbutan?__eep__=6&amp;__cft__[0]=AZUVePQqYfRdW0ca_kNotOTvKiRfojavoRmxskxTvK84CEdFxk7-_e9HkGTZUgjfRBbGOzLC0w-NQIB2mhu5imuyr_sUDC_NujqDDSg8pQSorIAsD5_iQ_q4qpn0pWMb-wKHZjRl69AAdisH-AlmYy4gzhJha14oMiS4WGV9_OHov5_LIM7nCePOcqxkzDlJR_o&amp;__tn__=*NK-R\">#propanbutan<\/a><a href=\"https:\/\/www.facebook.com\/hashtag\/ustka?__eep__=6&amp;__cft__[0]=AZUVePQqYfRdW0ca_kNotOTvKiRfojavoRmxskxTvK84CEdFxk7-_e9HkGTZUgjfRBbGOzLC0w-NQIB2mhu5imuyr_sUDC_NujqDDSg8pQSorIAsD5_iQ_q4qpn0pWMb-wKHZjRl69AAdisH-AlmYy4gzhJha14oMiS4WGV9_OHov5_LIM7nCePOcqxkzDlJR_o&amp;__tn__=*NK-R\">#ustka<\/a><a href=\"https:\/\/www.facebook.com\/hashtag\/bydlino?__eep__=6&amp;__cft__[0]=AZUVePQqYfRdW0ca_kNotOTvKiRfojavoRmxskxTvK84CEdFxk7-_e9HkGTZUgjfRBbGOzLC0w-NQIB2mhu5imuyr_sUDC_NujqDDSg8pQSorIAsD5_iQ_q4qpn0pWMb-wKHZjRl69AAdisH-AlmYy4gzhJha14oMiS4WGV9_OHov5_LIM7nCePOcqxkzDlJR_o&amp;__tn__=*NK-R\">#bydlino<\/a><a href=\"https:\/\/www.facebook.com\/hashtag\/kobylnica?__eep__=6&amp;__cft__[0]=AZUVePQqYfRdW0ca_kNotOTvKiRfojavoRmxskxTvK84CEdFxk7-_e9HkGTZUgjfRBbGOzLC0w-NQIB2mhu5imuyr_sUDC_NujqDDSg8pQSorIAsD5_iQ_q4qpn0pWMb-wKHZjRl69AAdisH-AlmYy4gzhJha14oMiS4WGV9_OHov5_LIM7nCePOcqxkzDlJR_o&amp;__tn__=*NK-R\">#kobylnica<\/a><a href=\"https:\/\/www.facebook.com\/hashtag\/g%C5%82obino?__eep__=6&amp;__cft__[0]=AZUVePQqYfRdW0ca_kNotOTvKiRfojavoRmxskxTvK84CEdFxk7-_e9HkGTZUgjfRBbGOzLC0w-NQIB2mhu5imuyr_sUDC_NujqDDSg8pQSorIAsD5_iQ_q4qpn0pWMb-wKHZjRl69AAdisH-AlmYy4gzhJha14oMiS4WGV9_OHov5_LIM7nCePOcqxkzDlJR_o&amp;__tn__=*NK-R\">#g\u0142obino<\/a><a href=\"https:\/\/www.facebook.com\/hashtag\/bierkowo?__eep__=6&amp;__cft__[0]=AZUVePQqYfRdW0ca_kNotOTvKiRfojavoRmxskxTvK84CEdFxk7-_e9HkGTZUgjfRBbGOzLC0w-NQIB2mhu5imuyr_sUDC_NujqDDSg8pQSorIAsD5_iQ_q4qpn0pWMb-wKHZjRl69AAdisH-AlmYy4gzhJha14oMiS4WGV9_OHov5_LIM7nCePOcqxkzDlJR_o&amp;__tn__=*NK-R\">#bierkowo<\/a><a href=\"https:\/\/www.facebook.com\/hashtag\/w%C5%82ynk%C3%B3wko?__eep__=6&amp;__cft__[0]=AZUVePQqYfRdW0ca_kNotOTvKiRfojavoRmxskxTvK84CEdFxk7-_e9HkGTZUgjfRBbGOzLC0w-NQIB2mhu5imuyr_sUDC_NujqDDSg8pQSorIAsD5_iQ_q4qpn0pWMb-wKHZjRl69AAdisH-AlmYy4gzhJha14oMiS4WGV9_OHov5_LIM7nCePOcqxkzDlJR_o&amp;__tn__=*NK-R\">#w\u0142ynk\u00f3wko<\/a><a href=\"https:\/\/www.facebook.com\/hashtag\/s%C5%82awno?__eep__=6&amp;__cft__[0]=AZUVePQqYfRdW0ca_kNotOTvKiRfojavoRmxskxTvK84CEdFxk7-_e9HkGTZUgjfRBbGOzLC0w-NQIB2mhu5imuyr_sUDC_NujqDDSg8pQSorIAsD5_iQ_q4qpn0pWMb-wKHZjRl69AAdisH-AlmYy4gzhJha14oMiS4WGV9_OHov5_LIM7nCePOcqxkzDlJR_o&amp;__tn__=*NK-R\">#s\u0142awno<\/a><a href=\"https:\/\/www.facebook.com\/hashtag\/koszalin?__eep__=6&amp;__cft__[0]=AZUVePQqYfRdW0ca_kNotOTvKiRfojavoRmxskxTvK84CEdFxk7-_e9HkGTZUgjfRBbGOzLC0w-NQIB2mhu5imuyr_sUDC_NujqDDSg8pQSorIAsD5_iQ_q4qpn0pWMb-wKHZjRl69AAdisH-AlmYy4gzhJha14oMiS4WGV9_OHov5_LIM7nCePOcqxkzDlJR_o&amp;__tn__=*NK-R\">#koszalin<\/a><a href=\"https:\/\/www.facebook.com\/hashtag\/dar%C5%82owo?__eep__=6&amp;__cft__[0]=AZUVePQqYfRdW0ca_kNotOTvKiRfojavoRmxskxTvK84CEdFxk7-_e9HkGTZUgjfRBbGOzLC0w-NQIB2mhu5imuyr_sUDC_NujqDDSg8pQSorIAsD5_iQ_q4qpn0pWMb-wKHZjRl69AAdisH-AlmYy4gzhJha14oMiS4WGV9_OHov5_LIM7nCePOcqxkzDlJR_o&amp;__tn__=*NK-R\">#dar\u0142owo<\/a><a href=\"https:\/\/www.facebook.com\/hashtag\/sian%C3%B3w?__eep__=6&amp;__cft__[0]=AZUVePQqYfRdW0ca_kNotOTvKiRfojavoRmxskxTvK84CEdFxk7-_e9HkGTZUgjfRBbGOzLC0w-NQIB2mhu5imuyr_sUDC_NujqDDSg8pQSorIAsD5_iQ_q4qpn0pWMb-wKHZjRl69AAdisH-AlmYy4gzhJha14oMiS4WGV9_OHov5_LIM7nCePOcqxkzDlJR_o&amp;__tn__=*NK-R\">#sian\u00f3w<\/a><a href=\"https:\/\/www.facebook.com\/hashtag\/l%C4%99bork?__eep__=6&amp;__cft__[0]=AZUVePQqYfRdW0ca_kNotOTvKiRfojavoRmxskxTvK84CEdFxk7-_e9HkGTZUgjfRBbGOzLC0w-NQIB2mhu5imuyr_sUDC_NujqDDSg8pQSorIAsD5_iQ_q4qpn0pWMb-wKHZjRl69AAdisH-AlmYy4gzhJha14oMiS4WGV9_OHov5_LIM7nCePOcqxkzDlJR_o&amp;__tn__=*NK-R\">#l\u0119bork<\/a><a href=\"https:\/\/www.facebook.com\/hashtag\/polan%C3%B3w?__eep__=6&amp;__cft__[0]=AZUVePQqYfRdW0ca_kNotOTvKiRfojavoRmxskxTvK84CEdFxk7-_e9HkGTZUgjfRBbGOzLC0w-NQIB2mhu5imuyr_sUDC_NujqDDSg8pQSorIAsD5_iQ_q4qpn0pWMb-wKHZjRl69AAdisH-AlmYy4gzhJha14oMiS4WGV9_OHov5_LIM7nCePOcqxkzDlJR_o&amp;__tn__=*NK-R\">#polan\u00f3w<\/a><\/p>\n","protected":false},"excerpt":{"rendered":"<p>Dostawa gazu do W\u00d3ZK\u00d3W WID\u0141OWYCH ! ! ! Szukasz dostawcy butli gazowych 11kg do w\u00f3zka wid\u0142owego? Skontaktuj si\u0119 z nami przygotujemy ofert\u0119 na gaz Brak butli gazowych i kosza ?? &#8230;<\/p>\n","protected":false},"author":1,"featured_media":0,"parent":0,"menu_order":0,"comment_status":"closed","ping_status":"closed","template":"","meta":[],"_links":{"self":[{"href":"http:\/\/bartgazz.pl\/index.php\/wp-json\/wp\/v2\/pages\/90"}],"collection":[{"href":"http:\/\/bartgazz.pl\/index.php\/wp-json\/wp\/v2\/pages"}],"about":[{"href":"http:\/\/bartgazz.pl\/index.php\/wp-json\/wp\/v2\/types\/page"}],"author":[{"embeddable":true,"href":"http:\/\/bartgazz.pl\/index.php\/wp-json\/wp\/v2\/users\/1"}],"replies":[{"embeddable":true,"href":"http:\/\/bartgazz.pl\/index.php\/wp-json\/wp\/v2\/comments?post=90"}],"version-history":[{"count":2,"href":"http:\/\/bartgazz.pl\/index.php\/wp-json\/wp\/v2\/pages\/90\/revisions"}],"predecessor-version":[{"id":123,"href":"http:\/\/bartgazz.pl\/index.php\/wp-json\/wp\/v2\/pages\/90\/revisions\/123"}],"wp:attachment":[{"href":"http:\/\/bartgazz.pl\/index.php\/wp-json\/wp\/v2\/media?parent=90"}],"curies":[{"name":"wp","href":"https:\/\/api.w.org\/{rel}","templated":true}]}}